{"id":37,"date":"2025-03-16T11:07:23","date_gmt":"2025-03-16T11:07:23","guid":{"rendered":"https:\/\/cascadium.ch\/?page_id=37"},"modified":"2025-03-19T10:34:15","modified_gmt":"2025-03-19T10:34:15","slug":"impressum","status":"publish","type":"page","link":"https:\/\/cascadium.ch\/?page_id=37","title":{"rendered":"Impressum"},"content":{"rendered":"\n<p><strong>Cascadium Asset Management AG<\/strong> (in Gr\u00fcndung)<\/p>\n\n\n\n<p><strong>Kontaktadresse:<\/strong> Baarerstrasse 2, 6300 Zug, Switzerland<br><br><strong>E-Mail:<\/strong> contact@cascadium.ch<br><br><strong>Rechtsform:<\/strong> Aktiengesellschaft (in Gr\u00fcndung)<br><br><strong>Branche:<\/strong> Betreiben von Beteiligungsgesellschaften<br><br><strong>Handelsregisteramt:<\/strong> Zug<\/p>\n\n\n\n<p><strong>Haftungsausschluss<\/strong><br>Der Inhalt dieser Webseiten wird mit gr\u00f6sstm\u00f6glicher Sorgfalt gepflegt. Trotzdem wird f\u00fcr den Inhalt keine Haftung \u00fcbernommen. Druckfehler, Irrt\u00fcmer und \u00c4nderungen vorbehalten. Der Inhalt ist urheberrechtlich gesch\u00fctzt. Das gilt sowohl f\u00fcr die Texte, Bilder als auch f\u00fcr Downloads. F\u00fcr die Inhalte externer Links \u00fcbernehmen wir keine Haftung. F\u00fcr den Inhalt der verlinkten Seiten sind ausschliesslich deren Betreiber verantwortlich.<\/p>\n\n\n\n<p><strong>Cascadium Asset Management AG<\/strong> (in Gr\u00fcndung) ist eine inhabergef\u00fchrte Schweizer Investmentgesellschaft mit Sitz in Zug.<\/p>\n\n\n\n<p>Die Gesellschaft bezweckt den Erwerb, die Verwaltung und Ver\u00e4usserung von Beteiligungen an in- und ausl\u00e4ndischen Unternehmen aller Art. Die Gesellschaft kann Zweigniederlassungen und Tochtergesellschaften im In- und Ausland errichten. Die Gesellschaft kann auch ohne angemessene Entsch\u00e4digung mit anderen Konzerngesellschaften Gesch\u00e4fte abschliessen, insbesondere mit ihren direkten oder indirekten Aktion\u00e4ren und anderen nahestehenden Gesellschaften, auch wenn diese Gesch\u00e4fte teilweise oder ausschliesslich im Interesse dieser anderen Gruppengesellschaften liegen. Die Gesellschaft kann insbesondere Konzerngesellschaften Kredite gew\u00e4hren oder f\u00fcr deren Verbindlichkeiten Garantien oder andere Sicherheiten aller Art gew\u00e4hren sowie sich an Cash Pooling-Vertr\u00e4gen beteiligen. Die Gesellschaft kann auch Liegenschaften erwerben, verwalten, vermieten und ver\u00e4ussern. Sie verfolgt ihren Zweck als wirtschaftlich selbst\u00e4ndiges, Inhaber gef\u00fchrtes Unternehmen. Die Gesellschaft kann ferner alle T\u00e4tigkeiten aus\u00fcben, welche mit dem vorstehenden Zweck der Gesellschaft direkt oder indirekt im Zusammenhang stehen.<\/p>\n","protected":false},"excerpt":{"rendered":"<p>Cascadium Asset Management AG (in Gr\u00fcndung) Kontaktadresse: Baarerstrasse 2, 6300 Zug, Switzerland E-Mail: contact@cascadium.ch Rechtsform: Aktiengesellschaft (in Gr\u00fcndung) Branche: Betreiben von Beteiligungsgesellschaften Handelsregisteramt: Zug HaftungsausschlussDer Inhalt dieser Webseiten wird mit gr\u00f6sstm\u00f6glicher Sorgfalt gepflegt. Trotzdem wird f\u00fcr den Inhalt keine Haftung \u00fcbernommen. Druckfehler, Irrt\u00fcmer und \u00c4nderungen vorbehalten. Der Inhalt ist urheberrechtlich gesch\u00fctzt. Das gilt sowohl f\u00fcr [&hellip;]<\/p>\n","protected":false},"author":1,"featured_media":0,"parent":0,"menu_order":0,"comment_status":"closed","ping_status":"closed","template":"","meta":{"footnotes":""},"class_list":["post-37","page","type-page","status-publish","hentry"],"_links":{"self":[{"href":"https:\/\/cascadium.ch\/index.php?rest_route=\/wp\/v2\/pages\/37","targetHints":{"allow":["GET"]}}],"collection":[{"href":"https:\/\/cascadium.ch\/index.php?rest_route=\/wp\/v2\/pages"}],"about":[{"href":"https:\/\/cascadium.ch\/index.php?rest_route=\/wp\/v2\/types\/page"}],"author":[{"embeddable":true,"href":"https:\/\/cascadium.ch\/index.php?rest_route=\/wp\/v2\/users\/1"}],"replies":[{"embeddable":true,"href":"https:\/\/cascadium.ch\/index.php?rest_route=%2Fwp%2Fv2%2Fcomments&post=37"}],"version-history":[{"count":4,"href":"https:\/\/cascadium.ch\/index.php?rest_route=\/wp\/v2\/pages\/37\/revisions"}],"predecessor-version":[{"id":120,"href":"https:\/\/cascadium.ch\/index.php?rest_route=\/wp\/v2\/pages\/37\/revisions\/120"}],"wp:attachment":[{"href":"https:\/\/cascadium.ch\/index.php?rest_route=%2Fwp%2Fv2%2Fmedia&parent=37"}],"curies":[{"name":"wp","href":"https:\/\/api.w.org\/{rel}","templated":true}]}}